{"id":466,"date":"2024-12-17T15:14:31","date_gmt":"2024-12-17T14:14:31","guid":{"rendered":"https:\/\/kaifittr.uber.space\/?page_id=466"},"modified":"2024-12-17T15:14:31","modified_gmt":"2024-12-17T14:14:31","slug":"copyright-und-nutzungsbedingungen","status":"publish","type":"page","link":"https:\/\/kaifittr.uber.space\/?page_id=466","title":{"rendered":"Copyright und Nutzungsbedingungen"},"content":{"rendered":"\n<p><\/p>\n\n\n\n<p class=\"has-medium-font-size\">Die gesamte Website (Webdesign, Layout, Texte, Bilder, Konzeption, Software, Anordnung) \u00a9 Copyright 2024 GRAZETTA GmbH sofern nicht anders angegeben. Alle Rechte vorbehalten.<br>Jede Reproduktion, Kopie, Ver\u00e4nderung oder Weitergabe in welcher Art auch immer \u2013 auch auszugsweise \u2013 ist untersagt und bedarf der ausdr\u00fccklichen schriftlichen Genehmigung der<br>GRAZETTA GmbH und UIUXExperts.<br>S\u00e4mtliche Ressourcen dieser Website dienen zur Information der BesucherInnen von www.zukunftmeistern.at und d\u00fcrfen nur zu diesem Zweck verwendet werden. F\u00fcr Designarbeiten und Bildproduktionen wurde u.U. frei verf\u00fcgbares Bildmaterial verwendet. Sollte es eine Copyrightverletzung geben, ersuchen wir um eine aussagekr\u00e4ftige Nachricht.<br>S\u00e4mtlicher Input von Besuchern und Einsendern (Bilder, Beitr\u00e4ge, Ideen,\u2026) geht bei vollem Nutzungsrecht an die GRAZETTA GmbH im Rahmen dieser Website \u00fcber.<\/p>\n\n\n\n<p class=\"has-medium-font-size\"><strong>PRODUKTNAMEN &amp; WARENZEICHEN<\/strong><br>Die auf dieser Website angef\u00fchrten oder abgebildeten Markennamen, Firmennamen, Warenzeichen, Handelsmarken, Marken, Logos, Bilder u. dgl. sind das Alleineigentum von ZUKUNFT MEISTERN oder der jeweiligen BesitzerInnen bzw. Unternehmen und dienen nur Publikations- und Informationszwecken.<\/p>\n\n\n\n<p class=\"has-medium-font-size\">Bildnachweis: ZUKUNFT MEISTERN Mia Photoart<br>Weitere Fotos sind entweder im Eigentum, mit Erlaubnis unserer Partner ver\u00f6ffentlicht oder entsprechend mit Hinweis versehen.<br>Die Rechte und Verantwortung von hochgeladenen Bildern liegen bei den jeweiligen Uploadern. Bei Copyrightverletzungen bitten wir um umgehende, aussagekr\u00e4ftige Nachricht. Wir werden umgehend aktiv und pr\u00fcfen den Sachverhalt und entfernen bei Bekanntwerden der Verletzung das entsprechende Material sofort.<\/p>\n","protected":false},"excerpt":{"rendered":"<p>Die gesamte Website (Webdesign, Layout, Texte, Bilder, Konzeption, Software, Anordnung) \u00a9 Copyright 2024 GRAZETTA GmbH sofern nicht anders angegeben. Alle Rechte vorbehalten.Jede Reproduktion, Kopie, Ver\u00e4nderung oder Weitergabe in welcher Art auch immer \u2013 auch auszugsweise \u2013 ist untersagt und bedarf der ausdr\u00fccklichen schriftlichen Genehmigung derGRAZETTA GmbH und UIUXExperts.S\u00e4mtliche Ressourcen dieser Website dienen zur Information der [&hellip;]<\/p>\n","protected":false},"author":4,"featured_media":0,"parent":0,"menu_order":0,"comment_status":"closed","ping_status":"closed","template":"","meta":{"footnotes":""},"class_list":["post-466","page","type-page","status-publish","hentry"],"_links":{"self":[{"href":"https:\/\/kaifittr.uber.space\/index.php?rest_route=\/wp\/v2\/pages\/466","targetHints":{"allow":["GET"]}}],"collection":[{"href":"https:\/\/kaifittr.uber.space\/index.php?rest_route=\/wp\/v2\/pages"}],"about":[{"href":"https:\/\/kaifittr.uber.space\/index.php?rest_route=\/wp\/v2\/types\/page"}],"author":[{"embeddable":true,"href":"https:\/\/kaifittr.uber.space\/index.php?rest_route=\/wp\/v2\/users\/4"}],"replies":[{"embeddable":true,"href":"https:\/\/kaifittr.uber.space\/index.php?rest_route=%2Fwp%2Fv2%2Fcomments&post=466"}],"version-history":[{"count":0,"href":"https:\/\/kaifittr.uber.space\/index.php?rest_route=\/wp\/v2\/pages\/466\/revisions"}],"wp:attachment":[{"href":"https:\/\/kaifittr.uber.space\/index.php?rest_route=%2Fwp%2Fv2%2Fmedia&parent=466"}],"curies":[{"name":"wp","href":"https:\/\/api.w.org\/{rel}","templated":true}]}}